{"id":2,"date":"2009-04-09T18:10:15","date_gmt":"2009-04-09T16:10:15","guid":{"rendered":"http:\/\/www.maximiliankuball.de\/?page_id=2"},"modified":"2026-03-20T18:14:03","modified_gmt":"2026-03-20T16:14:03","slug":"ueber-mich","status":"publish","type":"page","link":"https:\/\/www.maximiliankuball.de\/","title":{"rendered":"\u00dcber mich"},"content":{"rendered":"\n<figure class=\"wp-block-image size-large\"><img loading=\"lazy\" decoding=\"async\" width=\"1024\" height=\"683\" src=\"https:\/\/www.maximiliankuball.de\/wp-content\/uploads\/5413_neu_versuch-1024x683.jpg\" alt=\"Ein blonder Mann in einem gestreiften Hemd lehnt mit der rechten Schulter an einer Wand.\" class=\"wp-image-615\" srcset=\"https:\/\/www.maximiliankuball.de\/wp-content\/uploads\/5413_neu_versuch-1024x683.jpg 1024w, https:\/\/www.maximiliankuball.de\/wp-content\/uploads\/5413_neu_versuch-300x200.jpg 300w, https:\/\/www.maximiliankuball.de\/wp-content\/uploads\/5413_neu_versuch-768x512.jpg 768w, https:\/\/www.maximiliankuball.de\/wp-content\/uploads\/5413_neu_versuch-1536x1024.jpg 1536w, https:\/\/www.maximiliankuball.de\/wp-content\/uploads\/5413_neu_versuch-2048x1365.jpg 2048w, https:\/\/www.maximiliankuball.de\/wp-content\/uploads\/5413_neu_versuch-1560x1040.jpg 1560w\" sizes=\"auto, (max-width: 1024px) 100vw, 1024px\" \/><\/figure>\n\n\n<p>Seit einigen Jahren arbeite ich vor allem an vertieften Recherchen f\u00fcr <a href=\"http:\/\/dlf.de\">Deutschlandfunk<\/a> und <a href=\"http:\/\/deutschlandfunkkultur.de\">Deutschlandfunk Kultur<\/a> \u2013 manchmal investigativ, oftmals datenbasiert. Die Themen stammen dabei im weiteren Sinne aus dem Bereich der Kultur: So haben wir uns etwa mit <a href=\"https:\/\/www.deutschlandfunkkultur.de\/kulturmilliarde-neustart-kultur-literatur-100.html\">rechtsextremen Buchprojekten<\/a>, mit <a href=\"https:\/\/www.deutschlandfunkkultur.de\/film-festival-cologne-martina-richter-machtmissbrauch-100.html\">Machtmissbrauch<\/a> in Kulturunternehmen oder mit <a href=\"https:\/\/www.deutschlandfunk.de\/ns-gedenkstaetten-angriffe-rechtsextremismus-erinnerungskultur-100.html\">rechten \u00dcbergriffen auf Gedenkst\u00e4tten<\/a> besch\u00e4ftigt.<\/p>\n<p>Bei diesen Rechercheprojekten habe ich die Arbeit des Teams sowie die Ver\u00f6ffentlichung der Ergebnisse koordiniert. Dabei konnte ich vielf\u00e4ltige Erfahrungen in Recherchemethoden, Datenjournalismus sowie Presserecht sammeln &#8211; und gebe diese in <a href=\"https:\/\/www.maximiliankuball.de\/index.php\/angebot\/lehre-workshops\/\">Seminaren und Workshops<\/a> weiter. Meine Themen: Kultur, Politik und alles dazwischen und au\u00dferhalb.<\/p>\n<p>Seit meiner Ausbildung an der Evangelischen Journalistenschule arbeite ich als Redakteur und Autor, vor allem f\u00fcr die Programme des Deutschlandradios.<\/p>","protected":false},"excerpt":{"rendered":"<p>Seit einigen Jahren arbeite ich vor allem an vertieften Recherchen f\u00fcr Deutschlandfunk und Deutschlandfunk Kultur \u2013 manchmal investigativ, oftmals datenbasiert. Die Themen stammen dabei im weiteren Sinne aus dem Bereich der Kultur: So haben wir uns etwa mit rechtsextremen Buchprojekten, mit Machtmissbrauch in Kulturunternehmen oder mit rechten \u00dcbergriffen auf Gedenkst\u00e4tten besch\u00e4ftigt. Bei diesen Rechercheprojekten habe&hellip; <\/p>\n<div class=\"readmore-wrapper\"><a href=\"https:\/\/www.maximiliankuball.de\/\" class=\"more-link\">Read More<\/a><\/div>\n","protected":false},"author":1,"featured_media":0,"parent":0,"menu_order":1,"comment_status":"closed","ping_status":"closed","template":"","meta":{"ngg_post_thumbnail":0,"footnotes":""},"class_list":["post-2","page","type-page","status-publish","hentry"],"jetpack_sharing_enabled":true,"_links":{"self":[{"href":"https:\/\/www.maximiliankuball.de\/index.php\/wp-json\/wp\/v2\/pages\/2","targetHints":{"allow":["GET"]}}],"collection":[{"href":"https:\/\/www.maximiliankuball.de\/index.php\/wp-json\/wp\/v2\/pages"}],"about":[{"href":"https:\/\/www.maximiliankuball.de\/index.php\/wp-json\/wp\/v2\/types\/page"}],"author":[{"embeddable":true,"href":"https:\/\/www.maximiliankuball.de\/index.php\/wp-json\/wp\/v2\/users\/1"}],"replies":[{"embeddable":true,"href":"https:\/\/www.maximiliankuball.de\/index.php\/wp-json\/wp\/v2\/comments?post=2"}],"version-history":[{"count":32,"href":"https:\/\/www.maximiliankuball.de\/index.php\/wp-json\/wp\/v2\/pages\/2\/revisions"}],"predecessor-version":[{"id":625,"href":"https:\/\/www.maximiliankuball.de\/index.php\/wp-json\/wp\/v2\/pages\/2\/revisions\/625"}],"wp:attachment":[{"href":"https:\/\/www.maximiliankuball.de\/index.php\/wp-json\/wp\/v2\/media?parent=2"}],"curies":[{"name":"wp","href":"https:\/\/api.w.org\/{rel}","templated":true}]}}