{"id":499,"date":"2025-12-16T18:58:29","date_gmt":"2025-12-16T16:58:29","guid":{"rendered":"http:\/\/www.maximiliankuball.de\/?page_id=499"},"modified":"2026-01-27T19:29:30","modified_gmt":"2026-01-27T17:29:30","slug":"kultur","status":"publish","type":"page","link":"https:\/\/www.maximiliankuball.de\/index.php\/themen\/kultur\/","title":{"rendered":"Kultur"},"content":{"rendered":"\n<figure class=\"wp-block-image size-large\"><img loading=\"lazy\" decoding=\"async\" width=\"1024\" height=\"610\" src=\"https:\/\/www.maximiliankuball.de\/wp-content\/uploads\/robert-anasch-McX3XuJRsUM-unsplash-1024x610.jpg\" alt=\"\" class=\"wp-image-566\" srcset=\"https:\/\/www.maximiliankuball.de\/wp-content\/uploads\/robert-anasch-McX3XuJRsUM-unsplash-1024x610.jpg 1024w, https:\/\/www.maximiliankuball.de\/wp-content\/uploads\/robert-anasch-McX3XuJRsUM-unsplash-300x179.jpg 300w, https:\/\/www.maximiliankuball.de\/wp-content\/uploads\/robert-anasch-McX3XuJRsUM-unsplash-768x458.jpg 768w, https:\/\/www.maximiliankuball.de\/wp-content\/uploads\/robert-anasch-McX3XuJRsUM-unsplash-1536x916.jpg 1536w, https:\/\/www.maximiliankuball.de\/wp-content\/uploads\/robert-anasch-McX3XuJRsUM-unsplash-2048x1221.jpg 2048w, https:\/\/www.maximiliankuball.de\/wp-content\/uploads\/robert-anasch-McX3XuJRsUM-unsplash-1560x930.jpg 1560w\" sizes=\"auto, (max-width: 1024px) 100vw, 1024px\" \/><figcaption class=\"wp-element-caption\">Foto von <a href=\"https:\/\/unsplash.com\/de\/@diesektion?utm_source=unsplash&amp;utm_medium=referral&amp;utm_content=creditCopyText\">Robert Anasch<\/a> auf <a href=\"https:\/\/unsplash.com\/de\/fotos\/farblich-sortierte-fullung-buchlot-McX3XuJRsUM?utm_source=unsplash&amp;utm_medium=referral&amp;utm_content=creditCopyText\">Unsplash<\/a><\/figcaption><\/figure>\n\n\n\n<p>Thematisch bewege ich mich an der Schnittstelle zwischen Kultur und Politik: In den vergangenen Jahren habe ich mich unter anderem mit Corona-F\u00f6rderprogrammen, Machtmissbrauch und neurechten Ideologien besch\u00e4ftigt. Das Ziel ist, gef\u00fchlte Wahrheiten durch konkrete Erkenntnisse zu ersetzen; durch Fallbeispiele, aber auch durch Zahlen und Daten.<\/p>\n\n\n\n<p>Daf\u00fcr haben meine Kolleg:innen und ich einen innovativen Ansatz gew\u00e4hlt und erstmals datenjournalistische Methoden in der Kulturberichterstattung eingesetzt. Und da, wo es keine Daten gab, haben wir sie teilweise auch selber erhoben.<\/p>\n\n\n\n<p><\/p>\n","protected":false},"excerpt":{"rendered":"<p>Thematisch bewege ich mich an der Schnittstelle zwischen Kultur und Politik: In den vergangenen Jahren habe ich mich unter anderem mit Corona-F\u00f6rderprogrammen, Machtmissbrauch und neurechten Ideologien besch\u00e4ftigt. Das Ziel ist, gef\u00fchlte Wahrheiten durch konkrete Erkenntnisse zu ersetzen; durch Fallbeispiele, aber auch durch Zahlen und Daten. Daf\u00fcr haben meine Kolleg:innen und ich einen innovativen Ansatz gew\u00e4hlt&hellip; <\/p>\n<div class=\"readmore-wrapper\"><a href=\"https:\/\/www.maximiliankuball.de\/index.php\/themen\/kultur\/\" class=\"more-link\">Read More<\/a><\/div>\n","protected":false},"author":1,"featured_media":0,"parent":575,"menu_order":0,"comment_status":"closed","ping_status":"closed","template":"","meta":{"ngg_post_thumbnail":0,"footnotes":""},"class_list":["post-499","page","type-page","status-publish","hentry"],"jetpack_sharing_enabled":true,"_links":{"self":[{"href":"https:\/\/www.maximiliankuball.de\/index.php\/wp-json\/wp\/v2\/pages\/499","targetHints":{"allow":["GET"]}}],"collection":[{"href":"https:\/\/www.maximiliankuball.de\/index.php\/wp-json\/wp\/v2\/pages"}],"about":[{"href":"https:\/\/www.maximiliankuball.de\/index.php\/wp-json\/wp\/v2\/types\/page"}],"author":[{"embeddable":true,"href":"https:\/\/www.maximiliankuball.de\/index.php\/wp-json\/wp\/v2\/users\/1"}],"replies":[{"embeddable":true,"href":"https:\/\/www.maximiliankuball.de\/index.php\/wp-json\/wp\/v2\/comments?post=499"}],"version-history":[{"count":2,"href":"https:\/\/www.maximiliankuball.de\/index.php\/wp-json\/wp\/v2\/pages\/499\/revisions"}],"predecessor-version":[{"id":568,"href":"https:\/\/www.maximiliankuball.de\/index.php\/wp-json\/wp\/v2\/pages\/499\/revisions\/568"}],"up":[{"embeddable":true,"href":"https:\/\/www.maximiliankuball.de\/index.php\/wp-json\/wp\/v2\/pages\/575"}],"wp:attachment":[{"href":"https:\/\/www.maximiliankuball.de\/index.php\/wp-json\/wp\/v2\/media?parent=499"}],"curies":[{"name":"wp","href":"https:\/\/api.w.org\/{rel}","templated":true}]}}