{"id":511,"date":"2025-12-16T19:07:23","date_gmt":"2025-12-16T17:07:23","guid":{"rendered":"http:\/\/www.maximiliankuball.de\/?page_id=511"},"modified":"2026-01-27T19:28:58","modified_gmt":"2026-01-27T17:28:58","slug":"sport","status":"publish","type":"page","link":"https:\/\/www.maximiliankuball.de\/index.php\/themen\/sport\/","title":{"rendered":"Sport"},"content":{"rendered":"\n<figure class=\"wp-block-image size-large\"><img loading=\"lazy\" decoding=\"async\" width=\"1024\" height=\"626\" src=\"https:\/\/www.maximiliankuball.de\/wp-content\/uploads\/miguel-a-amutio-Y0woUmyxGrw-unsplash-1024x626.jpg\" alt=\"\" class=\"wp-image-564\" srcset=\"https:\/\/www.maximiliankuball.de\/wp-content\/uploads\/miguel-a-amutio-Y0woUmyxGrw-unsplash-1024x626.jpg 1024w, https:\/\/www.maximiliankuball.de\/wp-content\/uploads\/miguel-a-amutio-Y0woUmyxGrw-unsplash-300x183.jpg 300w, https:\/\/www.maximiliankuball.de\/wp-content\/uploads\/miguel-a-amutio-Y0woUmyxGrw-unsplash-768x469.jpg 768w, https:\/\/www.maximiliankuball.de\/wp-content\/uploads\/miguel-a-amutio-Y0woUmyxGrw-unsplash-1536x939.jpg 1536w, https:\/\/www.maximiliankuball.de\/wp-content\/uploads\/miguel-a-amutio-Y0woUmyxGrw-unsplash-2048x1252.jpg 2048w, https:\/\/www.maximiliankuball.de\/wp-content\/uploads\/miguel-a-amutio-Y0woUmyxGrw-unsplash-1560x954.jpg 1560w\" sizes=\"auto, (max-width: 1024px) 100vw, 1024px\" \/><figcaption class=\"wp-element-caption\">Foto von <a href=\"https:\/\/unsplash.com\/de\/@amutiomi?utm_source=unsplash&amp;utm_medium=referral&amp;utm_content=creditCopyText\">Miguel A Amutio<\/a> auf <a href=\"https:\/\/unsplash.com\/de\/fotos\/menschen-die-tagsuber-auf-grauer-asphaltstrasse-laufen-Y0woUmyxGrw?utm_source=unsplash&amp;utm_medium=referral&amp;utm_content=creditCopyText\">Unsplash<\/a><\/figcaption><\/figure>\n\n\n\n<p>Ob es um die Vergabe internationaler Sportevents, um Korruption oder Doping geht: Investigative Sportberichterstattung \u00fcbt seit vielen Jahren eine gro\u00dfe Faszination auf mich aus.<\/p>\n\n\n\n<p>Das investigative Handwerk, das ich aus der Kulturpolitik kenne, m\u00f6chte ich zuk\u00fcnftig auch vermehrt im Sport einsetzen. Mein besonderer Fokus liegt dabei \u2013 weil ich einige der Sportarten selber betreibe und liebe \u2013 auf dem Ausdauersport: Stra\u00dfenlauf und Trailrunning, Radsport und Triathlon, Langlauf und Skibergsteigen.<\/p>\n","protected":false},"excerpt":{"rendered":"<p>Ob es um die Vergabe internationaler Sportevents, um Korruption oder Doping geht: Investigative Sportberichterstattung \u00fcbt seit vielen Jahren eine gro\u00dfe Faszination auf mich aus. Das investigative Handwerk, das ich aus der Kulturpolitik kenne, m\u00f6chte ich zuk\u00fcnftig auch vermehrt im Sport einsetzen. Mein besonderer Fokus liegt dabei \u2013 weil ich einige der Sportarten selber betreibe und&hellip; <\/p>\n<div class=\"readmore-wrapper\"><a href=\"https:\/\/www.maximiliankuball.de\/index.php\/themen\/sport\/\" class=\"more-link\">Read More<\/a><\/div>\n","protected":false},"author":1,"featured_media":0,"parent":575,"menu_order":0,"comment_status":"closed","ping_status":"closed","template":"","meta":{"ngg_post_thumbnail":0,"footnotes":""},"class_list":["post-511","page","type-page","status-publish","hentry"],"jetpack_sharing_enabled":true,"_links":{"self":[{"href":"https:\/\/www.maximiliankuball.de\/index.php\/wp-json\/wp\/v2\/pages\/511","targetHints":{"allow":["GET"]}}],"collection":[{"href":"https:\/\/www.maximiliankuball.de\/index.php\/wp-json\/wp\/v2\/pages"}],"about":[{"href":"https:\/\/www.maximiliankuball.de\/index.php\/wp-json\/wp\/v2\/types\/page"}],"author":[{"embeddable":true,"href":"https:\/\/www.maximiliankuball.de\/index.php\/wp-json\/wp\/v2\/users\/1"}],"replies":[{"embeddable":true,"href":"https:\/\/www.maximiliankuball.de\/index.php\/wp-json\/wp\/v2\/comments?post=511"}],"version-history":[{"count":3,"href":"https:\/\/www.maximiliankuball.de\/index.php\/wp-json\/wp\/v2\/pages\/511\/revisions"}],"predecessor-version":[{"id":569,"href":"https:\/\/www.maximiliankuball.de\/index.php\/wp-json\/wp\/v2\/pages\/511\/revisions\/569"}],"up":[{"embeddable":true,"href":"https:\/\/www.maximiliankuball.de\/index.php\/wp-json\/wp\/v2\/pages\/575"}],"wp:attachment":[{"href":"https:\/\/www.maximiliankuball.de\/index.php\/wp-json\/wp\/v2\/media?parent=511"}],"curies":[{"name":"wp","href":"https:\/\/api.w.org\/{rel}","templated":true}]}}