{"id":519,"date":"2025-12-16T19:10:59","date_gmt":"2025-12-16T17:10:59","guid":{"rendered":"http:\/\/www.maximiliankuball.de\/?page_id=519"},"modified":"2026-03-20T18:19:51","modified_gmt":"2026-03-20T16:19:51","slug":"werte","status":"publish","type":"page","link":"https:\/\/www.maximiliankuball.de\/index.php\/ueber-mich\/werte\/","title":{"rendered":"Werte"},"content":{"rendered":"\n<figure class=\"wp-block-image size-large\"><img loading=\"lazy\" decoding=\"async\" width=\"1024\" height=\"683\" src=\"https:\/\/www.maximiliankuball.de\/wp-content\/uploads\/kelly-sikkema-3AizfOuMfP8-unsplash-1024x683.jpg\" alt=\"\" class=\"wp-image-626\" srcset=\"https:\/\/www.maximiliankuball.de\/wp-content\/uploads\/kelly-sikkema-3AizfOuMfP8-unsplash-1024x683.jpg 1024w, https:\/\/www.maximiliankuball.de\/wp-content\/uploads\/kelly-sikkema-3AizfOuMfP8-unsplash-300x200.jpg 300w, https:\/\/www.maximiliankuball.de\/wp-content\/uploads\/kelly-sikkema-3AizfOuMfP8-unsplash-768x512.jpg 768w, https:\/\/www.maximiliankuball.de\/wp-content\/uploads\/kelly-sikkema-3AizfOuMfP8-unsplash-1536x1024.jpg 1536w, https:\/\/www.maximiliankuball.de\/wp-content\/uploads\/kelly-sikkema-3AizfOuMfP8-unsplash-2048x1365.jpg 2048w, https:\/\/www.maximiliankuball.de\/wp-content\/uploads\/kelly-sikkema-3AizfOuMfP8-unsplash-1560x1040.jpg 1560w\" sizes=\"auto, (max-width: 1024px) 100vw, 1024px\" \/><figcaption class=\"wp-element-caption\">Foto von <a href=\"https:\/\/unsplash.com\/de\/@kellysikkema?utm_source=unsplash&amp;utm_medium=referral&amp;utm_content=creditCopyText\">Kelly Sikkema<\/a> auf <a href=\"https:\/\/unsplash.com\/de\/fotos\/ein-offenes-buch-das-auf-einem-holztisch-sitzt-3AizfOuMfP8?utm_source=unsplash&amp;utm_medium=referral&amp;utm_content=creditCopyText\">Unsplash<\/a><\/figcaption><\/figure>\n\n\n\n<p>Medienethik, Pressefreiheit und Nachwuchsf\u00f6rderung sind mir wichtig. Daher engagiere ich mich seit vielen Jahren neben der Arbeit f\u00fcr diese Themen: Ich habe mich mit Journalist:innen in Somaliland \u00fcber Arbeitsbedingungen und Auskunftsrechte ausgetauscht, an einem Mediendialog in Vietnam teilgenommen oder Workshops \u00fcber investigative Recherchen in der Kultur durchgef\u00fchrt. Und nicht zuletzt war ich lange f\u00fcr <a href=\"https:\/\/journalists-network.org\/\">journalists.network e.V.<\/a> aktiv, davon sechs Jahre als Vereinsvorsitzender.<\/p>\n\n\n\n<p>Bei Interesse an einem Austausch \u00fcber medienethische Themen, einen Vortrag oder einen Essay, nehmen Sie gerne <a href=\"https:\/\/www.maximiliankuball.de\/index.php\/kontakt\/\" data-type=\"page\" data-id=\"9\">Kontakt<\/a> mit mir auf.<\/p>\n\n\n\n<p><\/p>\n","protected":false},"excerpt":{"rendered":"<p>Medienethik, Pressefreiheit und Nachwuchsf\u00f6rderung sind mir wichtig. Daher engagiere ich mich seit vielen Jahren neben der Arbeit f\u00fcr diese Themen: Ich habe mich mit Journalist:innen in Somaliland \u00fcber Arbeitsbedingungen und Auskunftsrechte ausgetauscht, an einem Mediendialog in Vietnam teilgenommen oder Workshops \u00fcber investigative Recherchen in der Kultur durchgef\u00fchrt. Und nicht zuletzt war ich lange f\u00fcr journalists.network&hellip; <\/p>\n<div class=\"readmore-wrapper\"><a href=\"https:\/\/www.maximiliankuball.de\/index.php\/ueber-mich\/werte\/\" class=\"more-link\">Read More<\/a><\/div>\n","protected":false},"author":1,"featured_media":0,"parent":2,"menu_order":0,"comment_status":"closed","ping_status":"closed","template":"","meta":{"ngg_post_thumbnail":0,"footnotes":""},"class_list":["post-519","page","type-page","status-publish","hentry"],"jetpack_sharing_enabled":true,"_links":{"self":[{"href":"https:\/\/www.maximiliankuball.de\/index.php\/wp-json\/wp\/v2\/pages\/519","targetHints":{"allow":["GET"]}}],"collection":[{"href":"https:\/\/www.maximiliankuball.de\/index.php\/wp-json\/wp\/v2\/pages"}],"about":[{"href":"https:\/\/www.maximiliankuball.de\/index.php\/wp-json\/wp\/v2\/types\/page"}],"author":[{"embeddable":true,"href":"https:\/\/www.maximiliankuball.de\/index.php\/wp-json\/wp\/v2\/users\/1"}],"replies":[{"embeddable":true,"href":"https:\/\/www.maximiliankuball.de\/index.php\/wp-json\/wp\/v2\/comments?post=519"}],"version-history":[{"count":4,"href":"https:\/\/www.maximiliankuball.de\/index.php\/wp-json\/wp\/v2\/pages\/519\/revisions"}],"predecessor-version":[{"id":628,"href":"https:\/\/www.maximiliankuball.de\/index.php\/wp-json\/wp\/v2\/pages\/519\/revisions\/628"}],"up":[{"embeddable":true,"href":"https:\/\/www.maximiliankuball.de\/index.php\/wp-json\/wp\/v2\/pages\/2"}],"wp:attachment":[{"href":"https:\/\/www.maximiliankuball.de\/index.php\/wp-json\/wp\/v2\/media?parent=519"}],"curies":[{"name":"wp","href":"https:\/\/api.w.org\/{rel}","templated":true}]}}