{"id":585,"date":"2026-01-27T20:20:24","date_gmt":"2026-01-27T18:20:24","guid":{"rendered":"https:\/\/www.maximiliankuball.de\/?page_id=585"},"modified":"2026-01-27T21:34:05","modified_gmt":"2026-01-27T19:34:05","slug":"angebot","status":"publish","type":"page","link":"https:\/\/www.maximiliankuball.de\/index.php\/angebot\/","title":{"rendered":"Angebot"},"content":{"rendered":"\n<figure class=\"wp-block-image size-large\"><img loading=\"lazy\" decoding=\"async\" width=\"1024\" height=\"683\" src=\"https:\/\/www.maximiliankuball.de\/wp-content\/uploads\/miguel-alcantara-0w-7su4kinI-unsplash-1024x683.jpg\" alt=\"\" class=\"wp-image-586\" srcset=\"https:\/\/www.maximiliankuball.de\/wp-content\/uploads\/miguel-alcantara-0w-7su4kinI-unsplash-1024x683.jpg 1024w, https:\/\/www.maximiliankuball.de\/wp-content\/uploads\/miguel-alcantara-0w-7su4kinI-unsplash-300x200.jpg 300w, https:\/\/www.maximiliankuball.de\/wp-content\/uploads\/miguel-alcantara-0w-7su4kinI-unsplash-768x512.jpg 768w, https:\/\/www.maximiliankuball.de\/wp-content\/uploads\/miguel-alcantara-0w-7su4kinI-unsplash-1536x1024.jpg 1536w, https:\/\/www.maximiliankuball.de\/wp-content\/uploads\/miguel-alcantara-0w-7su4kinI-unsplash-2048x1365.jpg 2048w, https:\/\/www.maximiliankuball.de\/wp-content\/uploads\/miguel-alcantara-0w-7su4kinI-unsplash-1560x1040.jpg 1560w\" sizes=\"auto, (max-width: 1024px) 100vw, 1024px\" \/><figcaption class=\"wp-element-caption\">Foto von <a href=\"https:\/\/unsplash.com\/de\/@miguelalcantara?utm_source=unsplash&amp;utm_medium=referral&amp;utm_content=creditCopyText\">Miguel Alc\u00e2ntara<\/a> auf <a href=\"https:\/\/unsplash.com\/de\/fotos\/ein-haufen-alter-radios-ist-ubereinander-gestapelt-0w-7su4kinI?utm_source=unsplash&amp;utm_medium=referral&amp;utm_content=creditCopyText\">Unsplash<\/a><\/figcaption><\/figure>\n\n\n\n<p>Ich mache Journalismus zum H\u00f6ren: Ob lineares Radio oder non-lineare Podcasts, alle Ausspielwege haben Ihre Vorz\u00fcge und damit ihre Berechtigung. So erm\u00f6glicht das lineare Radio nach wie vor gro\u00dfe Reichweiten und erreicht sehr viele Menschen, die vielleicht nicht einmal wussten, dass mein Thema f\u00fcr sie interessant ist. Andererseits machen es digitale Audios m\u00f6glich, die Form exakt an das Thema anzupassen; und sie erreichen ein sehr zielgenaues Publikum, zum Teil auch noch Monate und Jahre nach Ver\u00f6ffentlichung. In beiden Welten habe ich viel Erfahrung.<\/p>\n\n\n\n<p><\/p>\n","protected":false},"excerpt":{"rendered":"<p>Ich mache Journalismus zum H\u00f6ren: Ob lineares Radio oder non-lineare Podcasts, alle Ausspielwege haben Ihre Vorz\u00fcge und damit ihre Berechtigung. So erm\u00f6glicht das lineare Radio nach wie vor gro\u00dfe Reichweiten und erreicht sehr viele Menschen, die vielleicht nicht einmal wussten, dass mein Thema f\u00fcr sie interessant ist. Andererseits machen es digitale Audios m\u00f6glich, die Form&hellip; <\/p>\n<div class=\"readmore-wrapper\"><a href=\"https:\/\/www.maximiliankuball.de\/index.php\/angebot\/\" class=\"more-link\">Read More<\/a><\/div>\n","protected":false},"author":1,"featured_media":0,"parent":0,"menu_order":0,"comment_status":"closed","ping_status":"closed","template":"","meta":{"ngg_post_thumbnail":0,"footnotes":""},"class_list":["post-585","page","type-page","status-publish","hentry"],"jetpack_sharing_enabled":true,"_links":{"self":[{"href":"https:\/\/www.maximiliankuball.de\/index.php\/wp-json\/wp\/v2\/pages\/585","targetHints":{"allow":["GET"]}}],"collection":[{"href":"https:\/\/www.maximiliankuball.de\/index.php\/wp-json\/wp\/v2\/pages"}],"about":[{"href":"https:\/\/www.maximiliankuball.de\/index.php\/wp-json\/wp\/v2\/types\/page"}],"author":[{"embeddable":true,"href":"https:\/\/www.maximiliankuball.de\/index.php\/wp-json\/wp\/v2\/users\/1"}],"replies":[{"embeddable":true,"href":"https:\/\/www.maximiliankuball.de\/index.php\/wp-json\/wp\/v2\/comments?post=585"}],"version-history":[{"count":2,"href":"https:\/\/www.maximiliankuball.de\/index.php\/wp-json\/wp\/v2\/pages\/585\/revisions"}],"predecessor-version":[{"id":602,"href":"https:\/\/www.maximiliankuball.de\/index.php\/wp-json\/wp\/v2\/pages\/585\/revisions\/602"}],"wp:attachment":[{"href":"https:\/\/www.maximiliankuball.de\/index.php\/wp-json\/wp\/v2\/media?parent=585"}],"curies":[{"name":"wp","href":"https:\/\/api.w.org\/{rel}","templated":true}]}}