{"id":592,"date":"2026-01-27T20:42:01","date_gmt":"2026-01-27T18:42:01","guid":{"rendered":"https:\/\/www.maximiliankuball.de\/?page_id=592"},"modified":"2026-01-27T20:42:01","modified_gmt":"2026-01-27T18:42:01","slug":"podcast-beratung","status":"publish","type":"page","link":"https:\/\/www.maximiliankuball.de\/index.php\/angebot\/podcast-beratung\/","title":{"rendered":"Podcast-Beratung"},"content":{"rendered":"\n<figure class=\"wp-block-image size-large\"><img loading=\"lazy\" decoding=\"async\" width=\"1024\" height=\"683\" src=\"https:\/\/www.maximiliankuball.de\/wp-content\/uploads\/jonathan-velasquez-c1ZN57GfDB0-unsplash-1024x683.jpg\" alt=\"\" class=\"wp-image-593\" srcset=\"https:\/\/www.maximiliankuball.de\/wp-content\/uploads\/jonathan-velasquez-c1ZN57GfDB0-unsplash-1024x683.jpg 1024w, https:\/\/www.maximiliankuball.de\/wp-content\/uploads\/jonathan-velasquez-c1ZN57GfDB0-unsplash-300x200.jpg 300w, https:\/\/www.maximiliankuball.de\/wp-content\/uploads\/jonathan-velasquez-c1ZN57GfDB0-unsplash-768x512.jpg 768w, https:\/\/www.maximiliankuball.de\/wp-content\/uploads\/jonathan-velasquez-c1ZN57GfDB0-unsplash-1536x1024.jpg 1536w, https:\/\/www.maximiliankuball.de\/wp-content\/uploads\/jonathan-velasquez-c1ZN57GfDB0-unsplash-2048x1365.jpg 2048w, https:\/\/www.maximiliankuball.de\/wp-content\/uploads\/jonathan-velasquez-c1ZN57GfDB0-unsplash-1560x1040.jpg 1560w\" sizes=\"auto, (max-width: 1024px) 100vw, 1024px\" \/><figcaption class=\"wp-element-caption\">Foto von <a href=\"https:\/\/unsplash.com\/de\/@jonathanvez?utm_source=unsplash&amp;utm_medium=referral&amp;utm_content=creditCopyText\">Jonathan Velasquez<\/a> auf <a href=\"https:\/\/unsplash.com\/de\/fotos\/makrofotografie-von-silbernem-und-schwarzem-studiomikrofon-kondensator-c1ZN57GfDB0?utm_source=unsplash&amp;utm_medium=referral&amp;utm_content=creditCopyText\">Unsplash<\/a><\/figcaption><\/figure>\n\n\n\n<p>F\u00fcr viele Verb\u00e4nde und Unternehmen sind Podcasts ein wichtiges, wenn nicht das zentrale Element ihrer Content Marketing-Strategie. Zur Wahrheit geh\u00f6rt allerdings auch: Viele Podcasts finden wenig Beachtung und werden kaum geh\u00f6rt. Mit viel Elan gestartet, fehlt oftmals die langfristige Strategie: Es fehlt das Wissen, um damit in einem immer volleren und umk\u00e4mpfteren Markt auch Beachtung zu finden und erfolgreich zu sein.<\/p>\n\n\n\n<p>Wie sollte mein Podcast klingen, um meine Zielgruppe zu erreichen? Welche Technik brauche ich, um meinen eigenen Corporate Podcast zu starten? Wie regelm\u00e4\u00dfig sollte ich neue Folgen ver\u00f6ffentlichen? Und was kostet das eigentlich alles? Ich berate Sie gerne in allen Fragen zu Konzept, Budget, Hosts, Technik, Schnitt und Distribution.<\/p>\n\n\n\n<p>Und bei Podcasts zu \u201emeinen\u201c Themen (Kulturpolitik, Sportpolitik, internationale Zusammenarbeit) bringe ich meine inhaltliche und handwerkliche Expertise auch gerne selbst ein, z. B. als Host oder Sidekick. <\/p>\n","protected":false},"excerpt":{"rendered":"<p>F\u00fcr viele Verb\u00e4nde und Unternehmen sind Podcasts ein wichtiges, wenn nicht das zentrale Element ihrer Content Marketing-Strategie. Zur Wahrheit geh\u00f6rt allerdings auch: Viele Podcasts finden wenig Beachtung und werden kaum geh\u00f6rt. Mit viel Elan gestartet, fehlt oftmals die langfristige Strategie: Es fehlt das Wissen, um damit in einem immer volleren und umk\u00e4mpfteren Markt auch Beachtung&hellip; <\/p>\n<div class=\"readmore-wrapper\"><a href=\"https:\/\/www.maximiliankuball.de\/index.php\/angebot\/podcast-beratung\/\" class=\"more-link\">Read More<\/a><\/div>\n","protected":false},"author":1,"featured_media":0,"parent":585,"menu_order":0,"comment_status":"closed","ping_status":"closed","template":"","meta":{"ngg_post_thumbnail":0,"footnotes":""},"class_list":["post-592","page","type-page","status-publish","hentry"],"jetpack_sharing_enabled":true,"_links":{"self":[{"href":"https:\/\/www.maximiliankuball.de\/index.php\/wp-json\/wp\/v2\/pages\/592","targetHints":{"allow":["GET"]}}],"collection":[{"href":"https:\/\/www.maximiliankuball.de\/index.php\/wp-json\/wp\/v2\/pages"}],"about":[{"href":"https:\/\/www.maximiliankuball.de\/index.php\/wp-json\/wp\/v2\/types\/page"}],"author":[{"embeddable":true,"href":"https:\/\/www.maximiliankuball.de\/index.php\/wp-json\/wp\/v2\/users\/1"}],"replies":[{"embeddable":true,"href":"https:\/\/www.maximiliankuball.de\/index.php\/wp-json\/wp\/v2\/comments?post=592"}],"version-history":[{"count":1,"href":"https:\/\/www.maximiliankuball.de\/index.php\/wp-json\/wp\/v2\/pages\/592\/revisions"}],"predecessor-version":[{"id":594,"href":"https:\/\/www.maximiliankuball.de\/index.php\/wp-json\/wp\/v2\/pages\/592\/revisions\/594"}],"up":[{"embeddable":true,"href":"https:\/\/www.maximiliankuball.de\/index.php\/wp-json\/wp\/v2\/pages\/585"}],"wp:attachment":[{"href":"https:\/\/www.maximiliankuball.de\/index.php\/wp-json\/wp\/v2\/media?parent=592"}],"curies":[{"name":"wp","href":"https:\/\/api.w.org\/{rel}","templated":true}]}}