{"id":595,"date":"2026-01-27T20:56:34","date_gmt":"2026-01-27T18:56:34","guid":{"rendered":"https:\/\/www.maximiliankuball.de\/?page_id=595"},"modified":"2026-03-20T18:24:07","modified_gmt":"2026-03-20T16:24:07","slug":"lehre-workshops","status":"publish","type":"page","link":"https:\/\/www.maximiliankuball.de\/index.php\/angebot\/lehre-workshops\/","title":{"rendered":"Lehre &amp; Workshops"},"content":{"rendered":"\n<figure class=\"wp-block-image size-large\"><img loading=\"lazy\" decoding=\"async\" width=\"1024\" height=\"683\" src=\"https:\/\/www.maximiliankuball.de\/wp-content\/uploads\/the-climate-reality-project-Hb6uWq0i4MI-unsplash-1024x683.jpg\" alt=\"\" class=\"wp-image-629\" srcset=\"https:\/\/www.maximiliankuball.de\/wp-content\/uploads\/the-climate-reality-project-Hb6uWq0i4MI-unsplash-1024x683.jpg 1024w, https:\/\/www.maximiliankuball.de\/wp-content\/uploads\/the-climate-reality-project-Hb6uWq0i4MI-unsplash-300x200.jpg 300w, https:\/\/www.maximiliankuball.de\/wp-content\/uploads\/the-climate-reality-project-Hb6uWq0i4MI-unsplash-768x512.jpg 768w, https:\/\/www.maximiliankuball.de\/wp-content\/uploads\/the-climate-reality-project-Hb6uWq0i4MI-unsplash-1536x1024.jpg 1536w, https:\/\/www.maximiliankuball.de\/wp-content\/uploads\/the-climate-reality-project-Hb6uWq0i4MI-unsplash-2048x1365.jpg 2048w, https:\/\/www.maximiliankuball.de\/wp-content\/uploads\/the-climate-reality-project-Hb6uWq0i4MI-unsplash-1560x1040.jpg 1560w\" sizes=\"auto, (max-width: 1024px) 100vw, 1024px\" \/><figcaption class=\"wp-element-caption\">Foto von <a href=\"https:\/\/unsplash.com\/de\/@climatereality?utm_source=unsplash&amp;utm_medium=referral&amp;utm_content=creditCopyText\">The Climate Reality Project<\/a> auf <a href=\"https:\/\/unsplash.com\/de\/fotos\/selective-focus-photography-of-people-sitting-on-chairs-while-writing-on-notebooks-Hb6uWq0i4MI?utm_source=unsplash&amp;utm_medium=referral&amp;utm_content=creditCopyText\">Unsplash<\/a><\/figcaption><\/figure>\n\n\n\n<p>In den vergangenen Jahren habe ich mich viel mit den Methoden und Tools investigativer Recherche befasst. Die Erfahrung und das Wissen gebe ich gerne weiter, als <a href=\"https:\/\/gijn.org\/stories\/data-driven-reporting-investigating-cultural-sector\/\" data-type=\"link\" data-id=\"https:\/\/gijn.org\/stories\/data-driven-reporting-investigating-cultural-sector\/\">Workshop<\/a> oder als universit\u00e4res Blockseminar. So biete ich an der Humboldt-Universit\u00e4t Berlin ein Seminar zu <a href=\"https:\/\/agnes.hu-berlin.de\/lupo\/rds?state=verpublish&amp;status=init&amp;vmfile=no&amp;moduleCall=webInfo&amp;publishConfFile=webInfo&amp;publishSubDir=veranstaltung&amp;veranstaltung.veranstid=244027\" data-type=\"link\" data-id=\"https:\/\/agnes.hu-berlin.de\/lupo\/rds?state=verpublish&amp;status=init&amp;vmfile=no&amp;moduleCall=webInfo&amp;publishConfFile=webInfo&amp;publishSubDir=veranstaltung&amp;veranstaltung.veranstid=244027\">&#8222;Investigativer Recherche&#8220;<\/a> an. Zur Sprache kommen Aspekte wie Presserecht, Datenjournalismus, Quellenschutz und vieles mehr &#8211; gerne auch in Ihrer Redaktion, Unternehmen, Verband oder Verein.<\/p>\n\n\n\n<p>F\u00fcr Beh\u00f6rden, Forschungseinrichtungen, Interessengruppen, Agenturen oder Unternehmen habe ich ein weiteres Workshop-Angebot: In einem Medientraining zeige ich Ihnen und Ihren Mitarbeitenden einfache Tricks f\u00fcr einen \u00fcberzeugenden Auftritt mit klaren Botschaften. Wie spreche ich im Radio-Interview? Wie verhalte ich mich vor der Fernsehkamera? Wie bringe ich meine Kernbotschaften verst\u00e4ndlich r\u00fcber? Und was sollte ich vermeiden, wenn ich nicht unsympathisch wirken will? Im Medientraining bringe ich F\u00fchrungskr\u00e4ften bei, Interviewsituationen authentisch und verst\u00e4ndlich zu meistern.<\/p>\n\n\n\n<p>Wie kann ich Ihnen helfen? Ein individuelles Angebot erhalten Sie <a href=\"https:\/\/www.maximiliankuball.de\/index.php\/kontakt\/\" data-type=\"page\" data-id=\"9\">hier<\/a>.<\/p>\n\n\n\n<p><\/p>\n","protected":false},"excerpt":{"rendered":"<p>In den vergangenen Jahren habe ich mich viel mit den Methoden und Tools investigativer Recherche befasst. Die Erfahrung und das Wissen gebe ich gerne weiter, als Workshop oder als universit\u00e4res Blockseminar. So biete ich an der Humboldt-Universit\u00e4t Berlin ein Seminar zu &#8222;Investigativer Recherche&#8220; an. Zur Sprache kommen Aspekte wie Presserecht, Datenjournalismus, Quellenschutz und vieles mehr&hellip; <\/p>\n<div class=\"readmore-wrapper\"><a href=\"https:\/\/www.maximiliankuball.de\/index.php\/angebot\/lehre-workshops\/\" class=\"more-link\">Read More<\/a><\/div>\n","protected":false},"author":1,"featured_media":0,"parent":585,"menu_order":0,"comment_status":"closed","ping_status":"closed","template":"","meta":{"ngg_post_thumbnail":0,"footnotes":""},"class_list":["post-595","page","type-page","status-publish","hentry"],"jetpack_sharing_enabled":true,"_links":{"self":[{"href":"https:\/\/www.maximiliankuball.de\/index.php\/wp-json\/wp\/v2\/pages\/595","targetHints":{"allow":["GET"]}}],"collection":[{"href":"https:\/\/www.maximiliankuball.de\/index.php\/wp-json\/wp\/v2\/pages"}],"about":[{"href":"https:\/\/www.maximiliankuball.de\/index.php\/wp-json\/wp\/v2\/types\/page"}],"author":[{"embeddable":true,"href":"https:\/\/www.maximiliankuball.de\/index.php\/wp-json\/wp\/v2\/users\/1"}],"replies":[{"embeddable":true,"href":"https:\/\/www.maximiliankuball.de\/index.php\/wp-json\/wp\/v2\/comments?post=595"}],"version-history":[{"count":5,"href":"https:\/\/www.maximiliankuball.de\/index.php\/wp-json\/wp\/v2\/pages\/595\/revisions"}],"predecessor-version":[{"id":631,"href":"https:\/\/www.maximiliankuball.de\/index.php\/wp-json\/wp\/v2\/pages\/595\/revisions\/631"}],"up":[{"embeddable":true,"href":"https:\/\/www.maximiliankuball.de\/index.php\/wp-json\/wp\/v2\/pages\/585"}],"wp:attachment":[{"href":"https:\/\/www.maximiliankuball.de\/index.php\/wp-json\/wp\/v2\/media?parent=595"}],"curies":[{"name":"wp","href":"https:\/\/api.w.org\/{rel}","templated":true}]}}